{"id":727,"date":"2021-06-01T22:36:39","date_gmt":"2021-06-01T20:36:39","guid":{"rendered":"https:\/\/coralgiuseppeverdi.dev.sharenow.it\/fondatori\/"},"modified":"2025-07-27T15:18:50","modified_gmt":"2025-07-27T13:18:50","slug":"fondatori","status":"publish","type":"page","link":"https:\/\/coralgiuseppeverdi.com.br\/it\/fondatori\/","title":{"rendered":"Fondatori"},"content":{"rendered":"<p>[et_pb_section fb_built=&#8221;1&#8243; disabled_on=&#8221;off|off|off&#8221; admin_label=&#8221;Intro Section&#8221; _builder_version=&#8221;4.23&#8243; _module_preset=&#8221;default&#8221; background_image=&#8221;https:\/\/coralgiuseppeverdi.com.br\/wp-content\/uploads\/2023\/10\/fondatori-1920.jpg&#8221; background_position=&#8221;top_center&#8221; background_vertical_offset=&#8221;11%&#8221; height=&#8221;800px&#8221; height_tablet=&#8221;700px&#8221; height_phone=&#8221;700px&#8221; height_last_edited=&#8221;on|phone&#8221; custom_padding=&#8221;60px|0px|61px|0px||&#8221; locked=&#8221;off&#8221; global_colors_info=&#8221;{}&#8221;][et_pb_row _builder_version=&#8221;4.20.2&#8243; _module_preset=&#8221;default&#8221; locked=&#8221;off&#8221; global_colors_info=&#8221;{}&#8221;][et_pb_column type=&#8221;4_4&#8243; _builder_version=&#8221;4.20.2&#8243; _module_preset=&#8221;default&#8221; global_colors_info=&#8221;{}&#8221;][et_pb_text _builder_version=&#8221;4.22.2&#8243; _module_preset=&#8221;default&#8221; header_font=&#8221;||||||||&#8221; header_text_color=&#8221;#FFFFFF&#8221; header_font_size=&#8221;58px&#8221; custom_margin=&#8221;150px||||false|false&#8221; global_colors_info=&#8221;{}&#8221;]<\/p>\n<h1 style=\"text-align: center;\">Fondatori<\/h1>\n<p>[\/et_pb_text][\/et_pb_column][\/et_pb_row][\/et_pb_section][et_pb_section fb_built=&#8221;1&#8243; admin_label=&#8221;Contact Section&#8221; _builder_version=&#8221;4.20.0&#8243; _module_preset=&#8221;default&#8221; background_color=&#8221;#FFFFFF&#8221; use_background_color_gradient=&#8221;on&#8221; background_color_gradient_stops=&#8221;#ffffff 20%|rgba(255,255,255,0) 80%&#8221; background_color_gradient_overlays_image=&#8221;on&#8221; background_color_gradient_start=&#8221;#ffffff&#8221; background_color_gradient_start_position=&#8221;20%&#8221; background_color_gradient_end=&#8221;rgba(255,255,255,0)&#8221; background_color_gradient_end_position=&#8221;80%&#8221; background_enable_image=&#8221;off&#8221; background_position=&#8221;bottom_center&#8221; custom_padding=&#8221;20px||20px||true|false&#8221; saved_tabs=&#8221;all&#8221; locked=&#8221;off&#8221; global_colors_info=&#8221;{}&#8221;][et_pb_row column_structure=&#8221;1_2,1_2&#8243; _builder_version=&#8221;4.22.2&#8243; _module_preset=&#8221;default&#8221; width=&#8221;90%&#8221; max_width=&#8221;2560px&#8221; global_colors_info=&#8221;{}&#8221;][et_pb_column type=&#8221;1_2&#8243; _builder_version=&#8221;4.22.2&#8243; _module_preset=&#8221;default&#8221; global_colors_info=&#8221;{}&#8221;][et_pb_text _builder_version=&#8221;4.27.4&#8243; _module_preset=&#8221;default&#8221; text_font=&#8221;||||||||&#8221; text_font_size=&#8221;16px&#8221; text_line_height=&#8221;1.8em&#8221; header_2_font=&#8221;|600|||||||&#8221; header_2_text_color=&#8221;#b32b2e&#8221; header_2_font_size=&#8221;50px&#8221; custom_padding=&#8221;||||true|false&#8221; hover_enabled=&#8221;0&#8243; global_colors_info=&#8221;{}&#8221; sticky_enabled=&#8221;0&#8243;]<\/p>\n<h2 id=\"il-nostro-gruppo\" class=\"has-text-align-center main-title\" style=\"text-align: left;\"><span style=\"color: #00604f;\"><strong>Fondatori<\/strong><\/span><\/h2>\n<p>&nbsp;<\/p>\n<p><strong><span class=\"has-inline-color has-black-color\">Al\u00edrio Luiz Colombi<br \/>Carlos M\u00e1rio Pedrini<br \/>Dorval Luiz Maestri <em>(In memoriam)<\/em><br \/>Eliane Bonomini Costa<br \/>F\u00e1bio Maestri Bagio<br \/>Goreti Maria Colombi Betinelli<br \/>\u00cdlica Colzani Tachini <em>(In memoriam)<\/em><br \/>\u00cdrma Costa Colombi<br \/>Irtes Polonia Maestri<br \/>Jos\u00e9 Bonomini <em>(In memoriam)<\/em><br \/>Luc\u00edola Maria Maestri Bonomini Fachini<br \/>Maria Bambina Stoll <em>(In memoriam)<\/em><br \/>Maria Pedrini Gianesini<br \/>Maria Olga Paloschi <em>(In memoriam)<\/em><br \/>Marlene Maria Maestri Bonomini<br \/><\/span><\/strong><\/p>\n<p>[\/et_pb_text][\/et_pb_column][et_pb_column type=&#8221;1_2&#8243; _builder_version=&#8221;4.20.2&#8243; _module_preset=&#8221;default&#8221; global_colors_info=&#8221;{}&#8221;][et_pb_text _builder_version=&#8221;4.22.2&#8243; _module_preset=&#8221;default&#8221; text_font=&#8221;||||||||&#8221; text_font_size=&#8221;16px&#8221; text_line_height=&#8221;1.8em&#8221; header_2_font=&#8221;|600|||||||&#8221; header_2_text_color=&#8221;#b32b2e&#8221; header_2_font_size=&#8221;50px&#8221; custom_padding=&#8221;||||true|false&#8221; global_colors_info=&#8221;{}&#8221;]<\/p>\n<h2 class=\"has-text-align-center main-title\" id=\"il-nostro-gruppo\" style=\"text-align: left;\"><\/h2>\n<p>&nbsp;<\/p>\n<p><strong><span class=\"has-inline-color has-black-color\">M\u00edria Bonomini<br \/>Mirtes Maria Maestri<br \/>Moacir Merizio<br \/>N\u00edcia Maria Cestari<br \/>Nicolao Esperandio Maestri<br \/>Nilza Pavesi<br \/>Odir Pavesi<br \/>Ot\u00e1vio Pozzi<br \/>Ov\u00eddio Francisco Maestri <em>(In memoriam)<\/em><br \/>Rita Maria Bonomini Vanelli<br \/>Rozemari Paloschi<br \/>Ruthe Mara Maestri<br \/>Salete Ol\u00e1lia Maestri Martinenghi<br \/>Valentim Jos\u00e9 Paloschi<br \/>Vilma Maria Pedrini Merisio <em>(In memoriam)<\/em><br \/>Vilson Luiz Fachini <em>(In memoriam)<\/em><\/span><\/strong><\/p>\n<p>[\/et_pb_text][\/et_pb_column][\/et_pb_row][et_pb_row column_structure=&#8221;1_2,1_2&#8243; _builder_version=&#8221;4.22.2&#8243; _module_preset=&#8221;default&#8221; width=&#8221;90%&#8221; max_width=&#8221;2560px&#8221; global_colors_info=&#8221;{}&#8221;][et_pb_column type=&#8221;1_2&#8243; _builder_version=&#8221;4.22.2&#8243; _module_preset=&#8221;default&#8221; global_colors_info=&#8221;{}&#8221;][\/et_pb_column][et_pb_column type=&#8221;1_2&#8243; _builder_version=&#8221;4.20.2&#8243; _module_preset=&#8221;default&#8221; global_colors_info=&#8221;{}&#8221;][\/et_pb_column][\/et_pb_row][et_pb_row disabled_on=&#8221;on|on|on&#8221; _builder_version=&#8221;4.22.2&#8243; _module_preset=&#8221;default&#8221; max_width=&#8221;2560px&#8221; disabled=&#8221;on&#8221; locked=&#8221;off&#8221; global_colors_info=&#8221;{}&#8221;][et_pb_column type=&#8221;4_4&#8243; _builder_version=&#8221;4.20.2&#8243; _module_preset=&#8221;default&#8221; global_colors_info=&#8221;{}&#8221;][et_pb_cta title=&#8221;TUTTI I nostri prodotti&#8221; button_url=&#8221;https:\/\/lapoglianasca.demo2.sharenow.it\/contatti\/&#8221; admin_label=&#8221;Tittle, Paragraph &#038; Call To Action&#8221; _builder_version=&#8221;4.20.2&#8243; _module_preset=&#8221;default&#8221; header_font=&#8221;Roboto Slab|600||on|||||&#8221; header_text_color=&#8221;#000000&#8243; header_font_size=&#8221;39px&#8221; header_letter_spacing=&#8221;3px&#8221; header_line_height=&#8221;1.4em&#8221; body_font=&#8221;Montserrat||||||||&#8221; body_font_size=&#8221;17px&#8221; body_line_height=&#8221;1.4em&#8221; use_background_color=&#8221;off&#8221; background_layout=&#8221;light&#8221; custom_margin=&#8221;||||false|false&#8221; custom_margin_tablet=&#8221;0px|||&#8221; custom_margin_phone=&#8221;&#8221; custom_margin_last_edited=&#8221;on|tablet&#8221; custom_padding=&#8221;||0px||false|false&#8221; header_font_size_tablet=&#8221;39px&#8221; header_font_size_phone=&#8221;30px&#8221; header_font_size_last_edited=&#8221;on|phone&#8221; button_text_color_hover=&#8221;#ffffff&#8221; button_border_color_hover=&#8221;rgba(0,0,0,0)&#8221; button_border_radius_hover=&#8221;28px&#8221; button_letter_spacing_hover=&#8221;2px&#8221; button_bg_color_hover=&#8221;rgba(0,0,0,0.7)&#8221; locked=&#8221;off&#8221; global_colors_info=&#8221;{}&#8221; button_text_size__hover_enabled=&#8221;off&#8221; button_one_text_size__hover_enabled=&#8221;off&#8221; button_two_text_size__hover_enabled=&#8221;off&#8221; button_text_color__hover_enabled=&#8221;on|desktop&#8221; button_text_color__hover=&#8221;#ffffff&#8221; button_one_text_color__hover_enabled=&#8221;off&#8221; button_two_text_color__hover_enabled=&#8221;off&#8221; button_border_width__hover_enabled=&#8221;off&#8221; button_one_border_width__hover_enabled=&#8221;off&#8221; button_two_border_width__hover_enabled=&#8221;off&#8221; button_border_color__hover_enabled=&#8221;on&#8221; button_border_color__hover=&#8221;rgba(0,0,0,0)&#8221; button_one_border_color__hover_enabled=&#8221;off&#8221; button_two_border_color__hover_enabled=&#8221;off&#8221; button_border_radius__hover_enabled=&#8221;on&#8221; button_border_radius__hover=&#8221;28px&#8221; button_one_border_radius__hover_enabled=&#8221;off&#8221; button_two_border_radius__hover_enabled=&#8221;off&#8221; button_letter_spacing__hover_enabled=&#8221;on&#8221; button_letter_spacing__hover=&#8221;2px&#8221; button_one_letter_spacing__hover_enabled=&#8221;off&#8221; button_two_letter_spacing__hover_enabled=&#8221;off&#8221; button_bg_color__hover_enabled=&#8221;on|desktop&#8221; button_bg_color__hover=&#8221;#8aa966&#8243; button_one_bg_color__hover_enabled=&#8221;off&#8221; button_two_bg_color__hover_enabled=&#8221;off&#8221; button_bg_enable_color__hover=&#8221;on&#8221;][\/et_pb_cta][dica_divi_carousel show_items_desktop=&#8221;6&#8243; loop=&#8221;on&#8221; autoplay=&#8221;on&#8221; advanced_effect=&#8221;1&#8243; arrow_nav_color=&#8221;#01a4b3&#8243; overlay_color_field_bgcolor=&#8221;rgba(255,255,255,0.85)&#8221; _builder_version=&#8221;4.20.2&#8243; _module_preset=&#8221;default&#8221; border_radii_image=&#8221;on|200px|200px|200px|200px&#8221; border_width_all_image=&#8221;1px&#8221; global_colors_info=&#8221;{}&#8221;][dica_divi_carouselitem title=&#8221;PASQUA CON BONT\u00c0&#8221; url=&#8221;https:\/\/www.pasticceriarovida.it\/pasqua-con-bonta\/&#8221; button_url_new_window=&#8221;1&#8243; image=&#8221;https:\/\/coralgiuseppeverdi.com.br\/wp-content\/uploads\/2023\/09\/colomba-sito-scaled-1.jpg&#8221; _builder_version=&#8221;4.20.2&#8243; _module_preset=&#8221;default&#8221; header_text_align=&#8221;center&#8221; global_colors_info=&#8221;{}&#8221;][\/dica_divi_carouselitem][dica_divi_carouselitem title=&#8221;LE COLAZIONI&#8221; url=&#8221;https:\/\/www.pasticceriarovida.it\/le-colazioni\/&#8221; button_url_new_window=&#8221;1&#8243; image=&#8221;https:\/\/coralgiuseppeverdi.com.br\/wp-content\/uploads\/2023\/09\/b_brioche-a-casa-e1607173394493.jpg&#8221; _builder_version=&#8221;4.20.2&#8243; _module_preset=&#8221;default&#8221; header_text_align=&#8221;center&#8221; global_colors_info=&#8221;{}&#8221;][\/dica_divi_carouselitem][dica_divi_carouselitem title=&#8221;LE TORTE DI FROLLA&#8221; url=&#8221;https:\/\/www.pasticceriarovida.it\/le-torte-di-frolla\/&#8221; button_url_new_window=&#8221;1&#8243; image=&#8221;https:\/\/coralgiuseppeverdi.com.br\/wp-content\/uploads\/2023\/09\/colazione_cat.jpg&#8221; _builder_version=&#8221;4.20.2&#8243; _module_preset=&#8221;default&#8221; header_text_align=&#8221;center&#8221; header_line_height=&#8221;1.5em&#8221; global_colors_info=&#8221;{}&#8221;][\/dica_divi_carouselitem][dica_divi_carouselitem title=&#8221;BAVARESI E TORTE CLASSICHE&#8221; url=&#8221;https:\/\/www.pasticceriarovida.it\/bavaresi-e-torte-classiche\/&#8221; button_url_new_window=&#8221;1&#8243; image=&#8221;https:\/\/coralgiuseppeverdi.com.br\/wp-content\/uploads\/2023\/09\/incanto-sito-scaled-1.jpg&#8221; _builder_version=&#8221;4.20.2&#8243; _module_preset=&#8221;default&#8221; header_text_align=&#8221;center&#8221; header_line_height=&#8221;1.5em&#8221; global_colors_info=&#8221;{}&#8221;][\/dica_divi_carouselitem][dica_divi_carouselitem title=&#8221;I SALATINI E LA GASTRONOMIA&#8221; url=&#8221;https:\/\/www.pasticceriarovida.it\/i-salatini-e-la-gastronomia\/&#8221; button_url_new_window=&#8221;1&#8243; image=&#8221;https:\/\/coralgiuseppeverdi.com.br\/wp-content\/uploads\/2023\/09\/gastronomici-sito-scaled-1.jpg&#8221; _builder_version=&#8221;4.20.2&#8243; _module_preset=&#8221;default&#8221; header_text_align=&#8221;center&#8221; header_line_height=&#8221;1.5em&#8221; global_colors_info=&#8221;{}&#8221;][\/dica_divi_carouselitem][dica_divi_carouselitem title=&#8221;I PIATTI DEL GIORNO&#8221; url=&#8221;https:\/\/www.pasticceriarovida.it\/piatti-del-giorno\/&#8221; button_url_new_window=&#8221;1&#8243; image=&#8221;https:\/\/coralgiuseppeverdi.com.br\/wp-content\/uploads\/2023\/09\/pesce-spada-e1669748070194.png&#8221; _builder_version=&#8221;4.20.2&#8243; _module_preset=&#8221;default&#8221; header_text_align=&#8221;center&#8221; header_line_height=&#8221;1.5em&#8221; global_colors_info=&#8221;{}&#8221;][\/dica_divi_carouselitem][dica_divi_carouselitem title=&#8221;I GRANI&#8221; url=&#8221;https:\/\/www.pasticceriarovida.it\/i-grani\/&#8221; button_url_new_window=&#8221;1&#8243; image=&#8221;https:\/\/coralgiuseppeverdi.com.br\/wp-content\/uploads\/2023\/09\/pagnotta-grani-antichi-scaled-1.jpg&#8221; _builder_version=&#8221;4.20.2&#8243; _module_preset=&#8221;default&#8221; header_text_align=&#8221;center&#8221; header_line_height=&#8221;1.5em&#8221; global_colors_info=&#8221;{}&#8221;][\/dica_divi_carouselitem][dica_divi_carouselitem title=&#8221;I BISCOTTI&#8221; url=&#8221;https:\/\/www.pasticceriarovida.it\/i-biscotti\/&#8221; button_url_new_window=&#8221;1&#8243; image=&#8221;https:\/\/coralgiuseppeverdi.com.br\/wp-content\/uploads\/2023\/09\/baciotti-sito-scaled-1.jpg&#8221; _builder_version=&#8221;4.20.2&#8243; _module_preset=&#8221;default&#8221; header_text_align=&#8221;center&#8221; header_line_height=&#8221;1.5em&#8221; global_colors_info=&#8221;{}&#8221;][\/dica_divi_carouselitem][dica_divi_carouselitem title=&#8221;I VINI&#8221; url=&#8221;https:\/\/www.pasticceriarovida.it\/i-vini\/&#8221; button_url_new_window=&#8221;1&#8243; image=&#8221;https:\/\/coralgiuseppeverdi.com.br\/wp-content\/uploads\/2023\/09\/champagne-blanc.jpg&#8221; _builder_version=&#8221;4.20.2&#8243; _module_preset=&#8221;default&#8221; header_text_align=&#8221;center&#8221; header_line_height=&#8221;1.5em&#8221; global_colors_info=&#8221;{}&#8221;][\/dica_divi_carouselitem][dica_divi_carouselitem title=&#8221;LE GOLOSE CREME SPALMABILI&#8221; url=&#8221;https:\/\/www.pasticceriarovida.it\/le-golose-creme-spalmabili\/&#8221; button_url_new_window=&#8221;1&#8243; image=&#8221;https:\/\/www.pasticceriarovida.it\/wp-content\/uploads\/2021\/12\/pistacchiona.jpg&#8221; _builder_version=&#8221;4.20.2&#8243; _module_preset=&#8221;default&#8221; header_text_align=&#8221;center&#8221; header_line_height=&#8221;1.5em&#8221; global_colors_info=&#8221;{}&#8221;][\/dica_divi_carouselitem][dica_divi_carouselitem title=&#8221;GLI ICONICI&#8221; url=&#8221;https:\/\/www.pasticceriarovida.it\/gli-iconici\/&#8221; button_url_new_window=&#8221;1&#8243; image=&#8221;https:\/\/coralgiuseppeverdi.com.br\/wp-content\/uploads\/2023\/09\/lemon-pie-su-alzata-iconici.jpg&#8221; _builder_version=&#8221;4.20.2&#8243; _module_preset=&#8221;default&#8221; header_text_align=&#8221;center&#8221; header_line_height=&#8221;1.5em&#8221; global_colors_info=&#8221;{}&#8221;][\/dica_divi_carouselitem][\/dica_divi_carousel][\/et_pb_column][\/et_pb_row][\/et_pb_section]<\/p>\n","protected":false},"excerpt":{"rendered":"<p>FondatoriFondatori &nbsp; Al\u00edrio Luiz ColombiCarlos M\u00e1rio PedriniDorval Luiz Maestri (In memoriam)Eliane Bonomini CostaF\u00e1bio Maestri BagioGoreti Maria Colombi Betinelli\u00cdlica Colzani Tachini (In memoriam)\u00cdrma Costa ColombiIrtes Polonia MaestriJos\u00e9 Bonomini (In memoriam)Luc\u00edola Maria Maestri Bonomini FachiniMaria Bambina Stoll (In memoriam)Maria Pedrini GianesiniMaria Olga Paloschi (In memoriam)Marlene Maria Maestri Bonomini &nbsp; M\u00edria BonominiMirtes Maria MaestriMoacir MerizioN\u00edcia Maria CestariNicolao Esperandio [&hellip;]<\/p>\n","protected":false},"author":3,"featured_media":0,"parent":0,"menu_order":0,"comment_status":"closed","ping_status":"closed","template":"","meta":{"_et_pb_use_builder":"on","_et_pb_old_content":"","_et_gb_content_width":"","footnotes":""},"class_list":["post-727","page","type-page","status-publish","hentry"],"yoast_head":"<!-- This site is optimized with the Yoast SEO plugin v27.5 - https:\/\/yoast.com\/product\/yoast-seo-wordpress\/ -->\n<title>Fondatori - Coral Giuseppe Verd\u00ec<\/title>\n<meta name=\"robots\" content=\"index, follow, max-snippet:-1, max-image-preview:large, max-video-preview:-1\" \/>\n<link rel=\"canonical\" href=\"https:\/\/coralgiuseppeverdi.com.br\/it\/fondatori\/\" \/>\n<meta property=\"og:locale\" content=\"it_IT\" \/>\n<meta property=\"og:type\" content=\"article\" \/>\n<meta property=\"og:title\" content=\"Fondatori - Coral Giuseppe Verd\u00ec\" \/>\n<meta property=\"og:description\" content=\"FondatoriFondatori &nbsp; Al\u00edrio Luiz ColombiCarlos M\u00e1rio PedriniDorval Luiz Maestri (In memoriam)Eliane Bonomini CostaF\u00e1bio Maestri BagioGoreti Maria Colombi Betinelli\u00cdlica Colzani Tachini (In memoriam)\u00cdrma Costa ColombiIrtes Polonia MaestriJos\u00e9 Bonomini (In memoriam)Luc\u00edola Maria Maestri Bonomini FachiniMaria Bambina Stoll (In memoriam)Maria Pedrini GianesiniMaria Olga Paloschi (In memoriam)Marlene Maria Maestri Bonomini &nbsp; M\u00edria BonominiMirtes Maria MaestriMoacir MerizioN\u00edcia Maria CestariNicolao Esperandio [&hellip;]\" \/>\n<meta property=\"og:url\" content=\"https:\/\/coralgiuseppeverdi.com.br\/it\/fondatori\/\" \/>\n<meta property=\"og:site_name\" content=\"Coral Giuseppe Verd\u00ec\" \/>\n<meta property=\"article:publisher\" content=\"https:\/\/www.facebook.com\/associacaoitalianacoralsaojosedebotuvera\/?locale=sv_SE\" \/>\n<meta property=\"article:modified_time\" content=\"2025-07-27T13:18:50+00:00\" \/>\n<meta name=\"twitter:card\" content=\"summary_large_image\" \/>\n<meta name=\"twitter:label1\" content=\"Tempo di lettura stimato\" \/>\n\t<meta name=\"twitter:data1\" content=\"1 minuto\" \/>\n<script type=\"application\/ld+json\" class=\"yoast-schema-graph\">{\"@context\":\"https:\\\/\\\/schema.org\",\"@graph\":[{\"@type\":\"WebPage\",\"@id\":\"https:\\\/\\\/coralgiuseppeverdi.com.br\\\/it\\\/fondatori\\\/\",\"url\":\"https:\\\/\\\/coralgiuseppeverdi.com.br\\\/it\\\/fondatori\\\/\",\"name\":\"Fondatori - Coral Giuseppe Verd\u00ec\",\"isPartOf\":{\"@id\":\"https:\\\/\\\/coralgiuseppeverdi.com.br\\\/it\\\/#website\"},\"datePublished\":\"2021-06-01T20:36:39+00:00\",\"dateModified\":\"2025-07-27T13:18:50+00:00\",\"breadcrumb\":{\"@id\":\"https:\\\/\\\/coralgiuseppeverdi.com.br\\\/it\\\/fondatori\\\/#breadcrumb\"},\"inLanguage\":\"it-IT\",\"potentialAction\":[{\"@type\":\"ReadAction\",\"target\":[\"https:\\\/\\\/coralgiuseppeverdi.com.br\\\/it\\\/fondatori\\\/\"]}]},{\"@type\":\"BreadcrumbList\",\"@id\":\"https:\\\/\\\/coralgiuseppeverdi.com.br\\\/it\\\/fondatori\\\/#breadcrumb\",\"itemListElement\":[{\"@type\":\"ListItem\",\"position\":1,\"name\":\"Home\",\"item\":\"https:\\\/\\\/coralgiuseppeverdi.com.br\\\/it\\\/\"},{\"@type\":\"ListItem\",\"position\":2,\"name\":\"Fondatori\"}]},{\"@type\":\"WebSite\",\"@id\":\"https:\\\/\\\/coralgiuseppeverdi.com.br\\\/it\\\/#website\",\"url\":\"https:\\\/\\\/coralgiuseppeverdi.com.br\\\/it\\\/\",\"name\":\"Coral Giuseppe Verd\u00ec\",\"description\":\"Associa\u00e7\u00e3o Italiana Coral S\u00e3o Jos\u00e9 de Botuver\u00e1\",\"publisher\":{\"@id\":\"https:\\\/\\\/coralgiuseppeverdi.com.br\\\/it\\\/#organization\"},\"potentialAction\":[{\"@type\":\"SearchAction\",\"target\":{\"@type\":\"EntryPoint\",\"urlTemplate\":\"https:\\\/\\\/coralgiuseppeverdi.com.br\\\/it\\\/?s={search_term_string}\"},\"query-input\":{\"@type\":\"PropertyValueSpecification\",\"valueRequired\":true,\"valueName\":\"search_term_string\"}}],\"inLanguage\":\"it-IT\"},{\"@type\":\"Organization\",\"@id\":\"https:\\\/\\\/coralgiuseppeverdi.com.br\\\/it\\\/#organization\",\"name\":\"Coral Giuseppe Verd\u00ec ASSOCIAZIONE ITALIANA CORALLO S\u00c3O JOS\u00c9 DE BOTUVER\u00c0\",\"url\":\"https:\\\/\\\/coralgiuseppeverdi.com.br\\\/it\\\/\",\"logo\":{\"@type\":\"ImageObject\",\"inLanguage\":\"it-IT\",\"@id\":\"https:\\\/\\\/coralgiuseppeverdi.com.br\\\/it\\\/#\\\/schema\\\/logo\\\/image\\\/\",\"url\":\"https:\\\/\\\/coralgiuseppeverdi.com.br\\\/wp-content\\\/uploads\\\/2021\\\/06\\\/topo-coral-turismo.png\",\"contentUrl\":\"https:\\\/\\\/coralgiuseppeverdi.com.br\\\/wp-content\\\/uploads\\\/2021\\\/06\\\/topo-coral-turismo.png\",\"width\":1280,\"height\":288,\"caption\":\"Coral Giuseppe Verd\u00ec ASSOCIAZIONE ITALIANA CORALLO S\u00c3O JOS\u00c9 DE BOTUVER\u00c0\"},\"image\":{\"@id\":\"https:\\\/\\\/coralgiuseppeverdi.com.br\\\/it\\\/#\\\/schema\\\/logo\\\/image\\\/\"},\"sameAs\":[\"https:\\\/\\\/www.facebook.com\\\/associacaoitalianacoralsaojosedebotuvera\\\/?locale=sv_SE\",\"https:\\\/\\\/www.instagram.com\\\/coralgiuseppeverdi\\\/\",\"https:\\\/\\\/www.facebook.com\\\/circolobergamaschibotuvera\\\/\",\"https:\\\/\\\/www.instagram.com\\\/circolobotuvera\\\/\"]}]}<\/script>\n<!-- \/ Yoast SEO plugin. -->","yoast_head_json":{"title":"Fondatori - Coral Giuseppe Verd\u00ec","robots":{"index":"index","follow":"follow","max-snippet":"max-snippet:-1","max-image-preview":"max-image-preview:large","max-video-preview":"max-video-preview:-1"},"canonical":"https:\/\/coralgiuseppeverdi.com.br\/it\/fondatori\/","og_locale":"it_IT","og_type":"article","og_title":"Fondatori - Coral Giuseppe Verd\u00ec","og_description":"FondatoriFondatori &nbsp; Al\u00edrio Luiz ColombiCarlos M\u00e1rio PedriniDorval Luiz Maestri (In memoriam)Eliane Bonomini CostaF\u00e1bio Maestri BagioGoreti Maria Colombi Betinelli\u00cdlica Colzani Tachini (In memoriam)\u00cdrma Costa ColombiIrtes Polonia MaestriJos\u00e9 Bonomini (In memoriam)Luc\u00edola Maria Maestri Bonomini FachiniMaria Bambina Stoll (In memoriam)Maria Pedrini GianesiniMaria Olga Paloschi (In memoriam)Marlene Maria Maestri Bonomini &nbsp; M\u00edria BonominiMirtes Maria MaestriMoacir MerizioN\u00edcia Maria CestariNicolao Esperandio [&hellip;]","og_url":"https:\/\/coralgiuseppeverdi.com.br\/it\/fondatori\/","og_site_name":"Coral Giuseppe Verd\u00ec","article_publisher":"https:\/\/www.facebook.com\/associacaoitalianacoralsaojosedebotuvera\/?locale=sv_SE","article_modified_time":"2025-07-27T13:18:50+00:00","twitter_card":"summary_large_image","twitter_misc":{"Tempo di lettura stimato":"1 minuto"},"schema":{"@context":"https:\/\/schema.org","@graph":[{"@type":"WebPage","@id":"https:\/\/coralgiuseppeverdi.com.br\/it\/fondatori\/","url":"https:\/\/coralgiuseppeverdi.com.br\/it\/fondatori\/","name":"Fondatori - Coral Giuseppe Verd\u00ec","isPartOf":{"@id":"https:\/\/coralgiuseppeverdi.com.br\/it\/#website"},"datePublished":"2021-06-01T20:36:39+00:00","dateModified":"2025-07-27T13:18:50+00:00","breadcrumb":{"@id":"https:\/\/coralgiuseppeverdi.com.br\/it\/fondatori\/#breadcrumb"},"inLanguage":"it-IT","potentialAction":[{"@type":"ReadAction","target":["https:\/\/coralgiuseppeverdi.com.br\/it\/fondatori\/"]}]},{"@type":"BreadcrumbList","@id":"https:\/\/coralgiuseppeverdi.com.br\/it\/fondatori\/#breadcrumb","itemListElement":[{"@type":"ListItem","position":1,"name":"Home","item":"https:\/\/coralgiuseppeverdi.com.br\/it\/"},{"@type":"ListItem","position":2,"name":"Fondatori"}]},{"@type":"WebSite","@id":"https:\/\/coralgiuseppeverdi.com.br\/it\/#website","url":"https:\/\/coralgiuseppeverdi.com.br\/it\/","name":"Coral Giuseppe Verd\u00ec","description":"Associa\u00e7\u00e3o Italiana Coral S\u00e3o Jos\u00e9 de Botuver\u00e1","publisher":{"@id":"https:\/\/coralgiuseppeverdi.com.br\/it\/#organization"},"potentialAction":[{"@type":"SearchAction","target":{"@type":"EntryPoint","urlTemplate":"https:\/\/coralgiuseppeverdi.com.br\/it\/?s={search_term_string}"},"query-input":{"@type":"PropertyValueSpecification","valueRequired":true,"valueName":"search_term_string"}}],"inLanguage":"it-IT"},{"@type":"Organization","@id":"https:\/\/coralgiuseppeverdi.com.br\/it\/#organization","name":"Coral Giuseppe Verd\u00ec ASSOCIAZIONE ITALIANA CORALLO S\u00c3O JOS\u00c9 DE BOTUVER\u00c0","url":"https:\/\/coralgiuseppeverdi.com.br\/it\/","logo":{"@type":"ImageObject","inLanguage":"it-IT","@id":"https:\/\/coralgiuseppeverdi.com.br\/it\/#\/schema\/logo\/image\/","url":"https:\/\/coralgiuseppeverdi.com.br\/wp-content\/uploads\/2021\/06\/topo-coral-turismo.png","contentUrl":"https:\/\/coralgiuseppeverdi.com.br\/wp-content\/uploads\/2021\/06\/topo-coral-turismo.png","width":1280,"height":288,"caption":"Coral Giuseppe Verd\u00ec ASSOCIAZIONE ITALIANA CORALLO S\u00c3O JOS\u00c9 DE BOTUVER\u00c0"},"image":{"@id":"https:\/\/coralgiuseppeverdi.com.br\/it\/#\/schema\/logo\/image\/"},"sameAs":["https:\/\/www.facebook.com\/associacaoitalianacoralsaojosedebotuvera\/?locale=sv_SE","https:\/\/www.instagram.com\/coralgiuseppeverdi\/","https:\/\/www.facebook.com\/circolobergamaschibotuvera\/","https:\/\/www.instagram.com\/circolobotuvera\/"]}]}},"_links":{"self":[{"href":"https:\/\/coralgiuseppeverdi.com.br\/it\/wp-json\/wp\/v2\/pages\/727","targetHints":{"allow":["GET"]}}],"collection":[{"href":"https:\/\/coralgiuseppeverdi.com.br\/it\/wp-json\/wp\/v2\/pages"}],"about":[{"href":"https:\/\/coralgiuseppeverdi.com.br\/it\/wp-json\/wp\/v2\/types\/page"}],"author":[{"embeddable":true,"href":"https:\/\/coralgiuseppeverdi.com.br\/it\/wp-json\/wp\/v2\/users\/3"}],"replies":[{"embeddable":true,"href":"https:\/\/coralgiuseppeverdi.com.br\/it\/wp-json\/wp\/v2\/comments?post=727"}],"version-history":[{"count":8,"href":"https:\/\/coralgiuseppeverdi.com.br\/it\/wp-json\/wp\/v2\/pages\/727\/revisions"}],"predecessor-version":[{"id":1822,"href":"https:\/\/coralgiuseppeverdi.com.br\/it\/wp-json\/wp\/v2\/pages\/727\/revisions\/1822"}],"wp:attachment":[{"href":"https:\/\/coralgiuseppeverdi.com.br\/it\/wp-json\/wp\/v2\/media?parent=727"}],"curies":[{"name":"wp","href":"https:\/\/api.w.org\/{rel}","templated":true}]}}