{"id":718,"date":"2023-04-12T15:09:52","date_gmt":"2023-04-12T13:09:52","guid":{"rendered":"https:\/\/coralgiuseppeverdi.dev.sharenow.it\/chi-siamo\/"},"modified":"2025-03-10T09:20:23","modified_gmt":"2025-03-10T08:20:23","slug":"chi-siamo","status":"publish","type":"page","link":"https:\/\/coralgiuseppeverdi.com.br\/it\/chi-siamo\/","title":{"rendered":"Chi siamo"},"content":{"rendered":"<p>[et_pb_section fb_built=&#8221;1&#8243; fullwidth=&#8221;on&#8221; disabled_on=&#8221;off|off|off&#8221; _builder_version=&#8221;4.22.2&#8243; _module_preset=&#8221;default&#8221; hover_transition_speed_curve=&#8221;linear&#8221; locked=&#8221;off&#8221; global_colors_info=&#8221;{}&#8221;][et_pb_fullwidth_slider use_bg_overlay=&#8221;off&#8221; disabled_on=&#8221;off|off|off&#8221; _builder_version=&#8221;4.23&#8243; _module_preset=&#8221;default&#8221; header_font=&#8221;||||||||&#8221; body_font=&#8221;||||||||&#8221; custom_button=&#8221;on&#8221; button_text_color=&#8221;#FFFFFF&#8221; button_bg_color=&#8221;#00604f&#8221; button_border_color=&#8221;#00604f&#8221; height_last_edited=&#8221;off|phone&#8221; custom_padding=&#8221;||267px|||&#8221; auto=&#8221;on&#8221; auto_ignore_hover=&#8221;on&#8221; hover_transition_duration=&#8221;3000ms&#8221; hover_transition_speed_curve=&#8221;linear&#8221; locked=&#8221;off&#8221; global_colors_info=&#8221;{}&#8221;][et_pb_slide heading=&#8221;Corale Giuseppe Verdi&#8221; button_text=&#8221;La nostra storia&#8221; button_link=&#8221;#storia&#8221; use_bg_overlay=&#8221;off&#8221; use_text_overlay=&#8221;on&#8221; _builder_version=&#8221;4.23&#8243; _module_preset=&#8221;default&#8221; header_font=&#8221;|600|||||||&#8221; body_font=&#8221;||||||||&#8221; background_enable_color=&#8221;off&#8221; background_image=&#8221;https:\/\/coralgiuseppeverdi.com.br\/wp-content\/uploads\/2023\/10\/cornabusa.jpg&#8221; background_enable_image=&#8221;on&#8221; locked=&#8221;off&#8221; inline_fonts=&#8221;Roboto&#8221; global_colors_info=&#8221;{}&#8221; sticky_transition=&#8221;on&#8221;][\/et_pb_slide][\/et_pb_fullwidth_slider][\/et_pb_section][et_pb_section fb_built=&#8221;1&#8243; admin_label=&#8221;Contact Section&#8221; module_id=&#8221;storia&#8221; _builder_version=&#8221;4.22.2&#8243; _module_preset=&#8221;default&#8221; background_color=&#8221;#FFFFFF&#8221; use_background_color_gradient=&#8221;on&#8221; background_color_gradient_stops=&#8221;#ffffff 20%|rgba(255,255,255,0) 80%&#8221; background_color_gradient_overlays_image=&#8221;on&#8221; background_color_gradient_start=&#8221;#ffffff&#8221; background_color_gradient_start_position=&#8221;20%&#8221; background_color_gradient_end=&#8221;rgba(255,255,255,0)&#8221; background_color_gradient_end_position=&#8221;80%&#8221; background_enable_image=&#8221;off&#8221; background_position=&#8221;bottom_center&#8221; custom_padding=&#8221;20px||20px||true|false&#8221; saved_tabs=&#8221;all&#8221; locked=&#8221;off&#8221; global_colors_info=&#8221;{}&#8221;][et_pb_row admin_label=&#8221;Contattaci Row&#8221; _builder_version=&#8221;4.20.0&#8243; _module_preset=&#8221;default&#8221; width=&#8221;90%&#8221; max_width=&#8221;2560px&#8221; custom_padding=&#8221;||0px||false|false&#8221; global_colors_info=&#8221;{}&#8221;][et_pb_column type=&#8221;4_4&#8243; _builder_version=&#8221;4.20.0&#8243; _module_preset=&#8221;default&#8221; custom_padding=&#8221;||||false|false&#8221; global_colors_info=&#8221;{}&#8221; custom_padding__hover=&#8221;|||&#8221;][et_pb_text admin_label=&#8221;Tittle &#038; Paragraph&#8221; _builder_version=&#8221;4.22.2&#8243; _module_preset=&#8221;default&#8221; text_font=&#8221;|600|||||||&#8221; text_font_size=&#8221;16px&#8221; text_line_height=&#8221;1.8em&#8221; header_font=&#8221;Roboto Slab|700|||||||&#8221; header_text_color=&#8221;#b32b2e&#8221; header_font_size=&#8221;51px&#8221; header_line_height=&#8221;1.2em&#8221; header_2_font=&#8221;|700||on|||||&#8221; header_2_text_color=&#8221;#000000&#8243; header_2_font_size=&#8221;40px&#8221; header_2_letter_spacing=&#8221;3px&#8221; header_2_line_height=&#8221;1.4em&#8221; module_alignment=&#8221;center&#8221; custom_margin=&#8221;||||false|false&#8221; custom_margin_tablet=&#8221;0px|||&#8221; custom_margin_phone=&#8221;|||&#8221; custom_margin_last_edited=&#8221;on|phone&#8221; custom_padding=&#8221;||0px||false|false&#8221; header_text_align_tablet=&#8221;&#8221; header_text_align_phone=&#8221;&#8221; header_text_align_last_edited=&#8221;on|phone&#8221; header_font_size_tablet=&#8221;51px&#8221; header_font_size_phone=&#8221;35px&#8221; header_font_size_last_edited=&#8221;on|phone&#8221; header_2_font_size_tablet=&#8221;45px&#8221; header_2_font_size_phone=&#8221;40px&#8221; header_2_font_size_last_edited=&#8221;on|tablet&#8221; global_colors_info=&#8221;{}&#8221;]<\/p>\n<h2 class=\"has-text-align-center main-title\" id=\"il-nostro-gruppo\" style=\"text-align: center;\"><span style=\"color: #00604f;\"><strong>Dal 1920<\/strong><\/span><\/h2>\n<p class=\"p1\" style=\"text-align: center;\"><span>La sua storia inizia negli anni Venti, quando 14 immigrati italiani ebbero il coraggio e l&#8217;audacia di iniziare il lavoro nella pastorale del canto, animando cos\u00ec le celebrazioni liturgiche. Il coro prende il nome da un grande compositore italiano: Giuseppe Verd\u00ec. Oggi ha 27 membri, tutti di origine italiana, e con l&#8217;obiettivo principale di portare avanti la tradizione del canto corale, un&#8217;eredit\u00e0 lasciata dal primo coro immigrato italiano, all&#8217;epoca chiamato: I V\u00c8C CANT\u00d9R (I vecchi cantanti).<\/span><\/p>\n<p class=\"p1\" style=\"text-align: center;\"><span>Lo scopo di questo coro \u00e8 quello di salvare ci\u00f2 che era pi\u00f9 prezioso lasciato dagli immigrati italiani: cultura, tradizioni e costumi, e il pi\u00f9 grande valore culturale che oggi pu\u00f2 valorizzare l&#8217;anima delle persone, \u00e8 l&#8217;espressione di parole, sentimenti ed emozioni attraverso la musica.<\/span><\/p>\n<p class=\"p1\" style=\"text-align: center;\"><span>La preoccupazione del coro non \u00e8 solo nella diversificazione e nel rinnovamento della musica sacra, italiana e popolare, ma per stimolare la diffusione della lingua italiana. Attualmente il coro si riunisce solo una volta alla settimana, sempre il luned\u00ec, per provare i loro repertori.<\/span><\/p>\n<p class=\"p1\" style=\"text-align: center;\">[\/et_pb_text][\/et_pb_column][\/et_pb_row][et_pb_row column_structure=&#8221;1_2,1_2&#8243; _builder_version=&#8221;4.22.2&#8243; _module_preset=&#8221;default&#8221; width=&#8221;90%&#8221; max_width=&#8221;2560px&#8221; global_colors_info=&#8221;{}&#8221;][et_pb_column type=&#8221;1_2&#8243; _builder_version=&#8221;4.22.2&#8243; _module_preset=&#8221;default&#8221; global_colors_info=&#8221;{}&#8221;][et_pb_text _builder_version=&#8221;4.22.2&#8243; _module_preset=&#8221;default&#8221; text_font=&#8221;||||||||&#8221; text_font_size=&#8221;16px&#8221; text_line_height=&#8221;1.8em&#8221; header_2_font=&#8221;|600|||||||&#8221; header_2_text_color=&#8221;#b32b2e&#8221; header_2_font_size=&#8221;50px&#8221; custom_padding=&#8221;||||true|false&#8221; global_colors_info=&#8221;{}&#8221;]<\/p>\n<h2 class=\"has-text-align-center main-title\" id=\"il-nostro-gruppo\" style=\"text-align: left;\"><span style=\"color: #00604f;\"><strong>Giuseppe Verdi<\/strong><\/span><\/h2>\n<p><span style=\"color: #01a4b3;\"><strong><\/strong><\/span><\/p>\n<p>Giuseppe Fortunino Francesco Verd\u00ec, nato il 10 ottobre 1813 nella citt\u00e0 italiana di Roncole, divenne una personalit\u00e0 notevole del XVIII secolo, essenzialmente tra gli amanti delle opere del periodo romantico italiano. Verdi era figlio di Carlo Verdi, proprietario di una taverna, e di Luisa Utini, nata nel piccolo comune di Roncole, nel Ducatto di Parma. Inizi\u00f2 ad interessarsi alla musica in giovane et\u00e0 e all&#8217;et\u00e0 di dodici anni inizi\u00f2 a studiare musica a Busseto, sede del comune, finanziato dal mercante Antonio Barezzi. All&#8217;et\u00e0 di 18 anni si iscrisse al Conservatorio di Milano, ma fu disapprovato per aver superato i quattordici anni (gli studenti venivano accettati solo fino a questa et\u00e0), e quindi dimostrare talento musicale. Dopo di che, \u00e8 andato dopo un insegnante particolare e ha continuato i suoi studi per tre anni.<\/p>\n<p>Tornato a Busseto, inizi\u00f2 a fare il maestro di cappella e il direttore della banda, ma questo gli rese molti nemici. Verdi si trasfer\u00ec a Milano con la moglie Margherita Barezzi, figlia di Antonio Barezzi.<\/p>\n<p>[\/et_pb_text][\/et_pb_column][et_pb_column type=&#8221;1_2&#8243; _builder_version=&#8221;4.20.2&#8243; _module_preset=&#8221;default&#8221; global_colors_info=&#8221;{}&#8221;][et_pb_image src=&#8221;https:\/\/coralgiuseppeverdi.com.br\/wp-content\/uploads\/2021\/06\/Coral-A.jpg&#8221; alt=&#8221;PASTICCERIA STAZIONE CENTRALE MILANO &#8211; PASTICCERIA STORICA ROVIDA&#8221; title_text=&#8221;Coral-A&#8221; disabled_on=&#8221;on|off|off&#8221; _builder_version=&#8221;4.22.2&#8243; _module_preset=&#8221;default&#8221; global_colors_info=&#8221;{}&#8221;][\/et_pb_image][\/et_pb_column][\/et_pb_row][et_pb_row column_structure=&#8221;1_2,1_2&#8243; _builder_version=&#8221;4.20.2&#8243; _module_preset=&#8221;default&#8221; width=&#8221;90%&#8221; max_width=&#8221;2560px&#8221; global_colors_info=&#8221;{}&#8221;][et_pb_column type=&#8221;1_2&#8243; _builder_version=&#8221;4.20.0&#8243; _module_preset=&#8221;default&#8221; global_colors_info=&#8221;{}&#8221;][et_pb_image src=&#8221;https:\/\/coralgiuseppeverdi.com.br\/wp-content\/uploads\/2021\/06\/dicionario-tela1.jpg&#8221; alt=&#8221;Pasticceria Stazione Centrale Milano &#8211; Pasticceria Storica Rovida&#8221; title_text=&#8221;dicionario-tela1&#8243; _builder_version=&#8221;4.22.2&#8243; _module_preset=&#8221;default&#8221; global_colors_info=&#8221;{}&#8221;][\/et_pb_image][\/et_pb_column][et_pb_column type=&#8221;1_2&#8243; _builder_version=&#8221;4.20.0&#8243; _module_preset=&#8221;default&#8221; global_colors_info=&#8221;{}&#8221;][et_pb_text _builder_version=&#8221;4.22.2&#8243; _module_preset=&#8221;default&#8221; text_font=&#8221;||||||||&#8221; text_font_size=&#8221;16px&#8221; text_line_height=&#8221;1.8em&#8221; header_2_font=&#8221;|600|||||||&#8221; header_2_text_color=&#8221;#b32b2e&#8221; header_2_font_size=&#8221;50px&#8221; custom_padding=&#8221;||||true|false&#8221; global_colors_info=&#8221;{}&#8221;]<\/p>\n<p>Nel novembre 1839, Verdi scrisse l&#8217;opera Oberto, Conte di San Bonif\u00e1cio, che fu rappresentata per la prima volta al Teatro alla Scala. Poco dopo, nel 1840, i suoi due figli morirono e sua moglie, solo 27 anni, poi la sua seconda opera, Um Giorno di Regno, fall\u00ec. Verdi promise che non avrebbe pi\u00f9 scritto dopo l&#8217;incidente.<\/p>\n<p>Bartolomeu Morelli, direttore del Teatro alla Scala, non accett\u00f2 la promessa di Verdi e gli chiese di studiare un&#8217;altra opera, Nabucco. Poco dopo, Verdi consegn\u00f2 un&#8217;opera scritta sopra il libretto. Nabucco \u00e8 un&#8217;opera che ha parlato della dominazione degli Ebrei da parte di Nabucodonosor e questo identificato con il sentimento del popolo italiano, sotto la repressione degli austriaci e francesi. L&#8217;aria Va Pensiero su ali dorarte (Vai, pensiero, su ali d&#8217;oro) era considerata un simbolo nazionale dagli italiani. Passando il successo di Nabucco, Verdi si sforz\u00f2 di scrivere opere e diventare famoso in tutto il mondo.<\/p>\n<p>Apparvero le opere Ernani, Rigoletto, Don Carlo, Um Ballo in maschera, Il Trovatore. Apparvero le Opere Ernani, Rigoletto, Don Carlo, Um Ballo in maschera, Il Trovatore. Qualche tempo dopo, Verdi spos\u00f2 Giuseppina Strepponi. Durante questo periodo, Verdi fu acclamato come patriota, venendo eletto deputato nel 1861, anno dell&#8217;unificazione e poi senatore. Tuttavia, Verdi scrisse anche le opere Otello e Falstaff, basate su Shakespare ale di alcuni pezzi religiosi. Il 19 gennaio 1901 ebbe una trombosi e mor\u00ec il 27 dello stesso mese a Milano, provocando scalpore in tutta Italia. Per sua volont\u00e0, la sua tomba fu posta nella Casa di Reposo Giuseppe Verdi.<\/p>\n<p>[\/et_pb_text][\/et_pb_column][\/et_pb_row][\/et_pb_section]<\/p>\n","protected":false},"excerpt":{"rendered":"<p>Dal 1920 La sua storia inizia negli anni Venti, quando 14 immigrati italiani ebbero il coraggio e l&#8217;audacia di iniziare il lavoro nella pastorale del canto, animando cos\u00ec le celebrazioni liturgiche. Il coro prende il nome da un grande compositore italiano: Giuseppe Verd\u00ec. Oggi ha 27 membri, tutti di origine italiana, e con l&#8217;obiettivo principale [&hellip;]<\/p>\n","protected":false},"author":3,"featured_media":0,"parent":0,"menu_order":0,"comment_status":"closed","ping_status":"closed","template":"","meta":{"_et_pb_use_builder":"on","_et_pb_old_content":"","_et_gb_content_width":"","footnotes":""},"class_list":["post-718","page","type-page","status-publish","hentry"],"yoast_head":"<!-- This site is optimized with the Yoast SEO plugin v27.4 - https:\/\/yoast.com\/product\/yoast-seo-wordpress\/ -->\n<title>Chi siamo - Coral Giuseppe Verd\u00ec<\/title>\n<meta name=\"robots\" content=\"index, follow, max-snippet:-1, max-image-preview:large, max-video-preview:-1\" \/>\n<link rel=\"canonical\" href=\"https:\/\/coralgiuseppeverdi.com.br\/it\/chi-siamo\/\" \/>\n<meta property=\"og:locale\" content=\"it_IT\" \/>\n<meta property=\"og:type\" content=\"article\" \/>\n<meta property=\"og:title\" content=\"Chi siamo - Coral Giuseppe Verd\u00ec\" \/>\n<meta property=\"og:description\" content=\"Dal 1920 La sua storia inizia negli anni Venti, quando 14 immigrati italiani ebbero il coraggio e l&#039;audacia di iniziare il lavoro nella pastorale del canto, animando cos\u00ec le celebrazioni liturgiche. Il coro prende il nome da un grande compositore italiano: Giuseppe Verd\u00ec. Oggi ha 27 membri, tutti di origine italiana, e con l&#039;obiettivo principale [&hellip;]\" \/>\n<meta property=\"og:url\" content=\"https:\/\/coralgiuseppeverdi.com.br\/it\/chi-siamo\/\" \/>\n<meta property=\"og:site_name\" content=\"Coral Giuseppe Verd\u00ec\" \/>\n<meta property=\"article:publisher\" content=\"https:\/\/www.facebook.com\/associacaoitalianacoralsaojosedebotuvera\/?locale=sv_SE\" \/>\n<meta property=\"article:modified_time\" content=\"2025-03-10T08:20:23+00:00\" \/>\n<meta name=\"twitter:card\" content=\"summary_large_image\" \/>\n<meta name=\"twitter:label1\" content=\"Tempo di lettura stimato\" \/>\n\t<meta name=\"twitter:data1\" content=\"6 minuti\" \/>\n<script type=\"application\/ld+json\" class=\"yoast-schema-graph\">{\"@context\":\"https:\\\/\\\/schema.org\",\"@graph\":[{\"@type\":\"WebPage\",\"@id\":\"https:\\\/\\\/coralgiuseppeverdi.com.br\\\/it\\\/chi-siamo\\\/\",\"url\":\"https:\\\/\\\/coralgiuseppeverdi.com.br\\\/it\\\/chi-siamo\\\/\",\"name\":\"Chi siamo - Coral Giuseppe Verd\u00ec\",\"isPartOf\":{\"@id\":\"https:\\\/\\\/coralgiuseppeverdi.com.br\\\/it\\\/#website\"},\"datePublished\":\"2023-04-12T13:09:52+00:00\",\"dateModified\":\"2025-03-10T08:20:23+00:00\",\"breadcrumb\":{\"@id\":\"https:\\\/\\\/coralgiuseppeverdi.com.br\\\/it\\\/chi-siamo\\\/#breadcrumb\"},\"inLanguage\":\"it-IT\",\"potentialAction\":[{\"@type\":\"ReadAction\",\"target\":[\"https:\\\/\\\/coralgiuseppeverdi.com.br\\\/it\\\/chi-siamo\\\/\"]}]},{\"@type\":\"BreadcrumbList\",\"@id\":\"https:\\\/\\\/coralgiuseppeverdi.com.br\\\/it\\\/chi-siamo\\\/#breadcrumb\",\"itemListElement\":[{\"@type\":\"ListItem\",\"position\":1,\"name\":\"Home\",\"item\":\"https:\\\/\\\/coralgiuseppeverdi.com.br\\\/it\\\/\"},{\"@type\":\"ListItem\",\"position\":2,\"name\":\"Chi siamo\"}]},{\"@type\":\"WebSite\",\"@id\":\"https:\\\/\\\/coralgiuseppeverdi.com.br\\\/it\\\/#website\",\"url\":\"https:\\\/\\\/coralgiuseppeverdi.com.br\\\/it\\\/\",\"name\":\"Coral Giuseppe Verd\u00ec\",\"description\":\"Associa\u00e7\u00e3o Italiana Coral S\u00e3o Jos\u00e9 de Botuver\u00e1\",\"publisher\":{\"@id\":\"https:\\\/\\\/coralgiuseppeverdi.com.br\\\/it\\\/#organization\"},\"potentialAction\":[{\"@type\":\"SearchAction\",\"target\":{\"@type\":\"EntryPoint\",\"urlTemplate\":\"https:\\\/\\\/coralgiuseppeverdi.com.br\\\/it\\\/?s={search_term_string}\"},\"query-input\":{\"@type\":\"PropertyValueSpecification\",\"valueRequired\":true,\"valueName\":\"search_term_string\"}}],\"inLanguage\":\"it-IT\"},{\"@type\":\"Organization\",\"@id\":\"https:\\\/\\\/coralgiuseppeverdi.com.br\\\/it\\\/#organization\",\"name\":\"Coral Giuseppe Verd\u00ec ASSOCIAZIONE ITALIANA CORALLO S\u00c3O JOS\u00c9 DE BOTUVER\u00c0\",\"url\":\"https:\\\/\\\/coralgiuseppeverdi.com.br\\\/it\\\/\",\"logo\":{\"@type\":\"ImageObject\",\"inLanguage\":\"it-IT\",\"@id\":\"https:\\\/\\\/coralgiuseppeverdi.com.br\\\/it\\\/#\\\/schema\\\/logo\\\/image\\\/\",\"url\":\"https:\\\/\\\/coralgiuseppeverdi.com.br\\\/wp-content\\\/uploads\\\/2021\\\/06\\\/topo-coral-turismo.png\",\"contentUrl\":\"https:\\\/\\\/coralgiuseppeverdi.com.br\\\/wp-content\\\/uploads\\\/2021\\\/06\\\/topo-coral-turismo.png\",\"width\":1280,\"height\":288,\"caption\":\"Coral Giuseppe Verd\u00ec ASSOCIAZIONE ITALIANA CORALLO S\u00c3O JOS\u00c9 DE BOTUVER\u00c0\"},\"image\":{\"@id\":\"https:\\\/\\\/coralgiuseppeverdi.com.br\\\/it\\\/#\\\/schema\\\/logo\\\/image\\\/\"},\"sameAs\":[\"https:\\\/\\\/www.facebook.com\\\/associacaoitalianacoralsaojosedebotuvera\\\/?locale=sv_SE\",\"https:\\\/\\\/www.instagram.com\\\/coralgiuseppeverdi\\\/\",\"https:\\\/\\\/www.facebook.com\\\/circolobergamaschibotuvera\\\/\",\"https:\\\/\\\/www.instagram.com\\\/circolobotuvera\\\/\"]}]}<\/script>\n<!-- \/ Yoast SEO plugin. -->","yoast_head_json":{"title":"Chi siamo - Coral Giuseppe Verd\u00ec","robots":{"index":"index","follow":"follow","max-snippet":"max-snippet:-1","max-image-preview":"max-image-preview:large","max-video-preview":"max-video-preview:-1"},"canonical":"https:\/\/coralgiuseppeverdi.com.br\/it\/chi-siamo\/","og_locale":"it_IT","og_type":"article","og_title":"Chi siamo - Coral Giuseppe Verd\u00ec","og_description":"Dal 1920 La sua storia inizia negli anni Venti, quando 14 immigrati italiani ebbero il coraggio e l'audacia di iniziare il lavoro nella pastorale del canto, animando cos\u00ec le celebrazioni liturgiche. Il coro prende il nome da un grande compositore italiano: Giuseppe Verd\u00ec. Oggi ha 27 membri, tutti di origine italiana, e con l'obiettivo principale [&hellip;]","og_url":"https:\/\/coralgiuseppeverdi.com.br\/it\/chi-siamo\/","og_site_name":"Coral Giuseppe Verd\u00ec","article_publisher":"https:\/\/www.facebook.com\/associacaoitalianacoralsaojosedebotuvera\/?locale=sv_SE","article_modified_time":"2025-03-10T08:20:23+00:00","twitter_card":"summary_large_image","twitter_misc":{"Tempo di lettura stimato":"6 minuti"},"schema":{"@context":"https:\/\/schema.org","@graph":[{"@type":"WebPage","@id":"https:\/\/coralgiuseppeverdi.com.br\/it\/chi-siamo\/","url":"https:\/\/coralgiuseppeverdi.com.br\/it\/chi-siamo\/","name":"Chi siamo - Coral Giuseppe Verd\u00ec","isPartOf":{"@id":"https:\/\/coralgiuseppeverdi.com.br\/it\/#website"},"datePublished":"2023-04-12T13:09:52+00:00","dateModified":"2025-03-10T08:20:23+00:00","breadcrumb":{"@id":"https:\/\/coralgiuseppeverdi.com.br\/it\/chi-siamo\/#breadcrumb"},"inLanguage":"it-IT","potentialAction":[{"@type":"ReadAction","target":["https:\/\/coralgiuseppeverdi.com.br\/it\/chi-siamo\/"]}]},{"@type":"BreadcrumbList","@id":"https:\/\/coralgiuseppeverdi.com.br\/it\/chi-siamo\/#breadcrumb","itemListElement":[{"@type":"ListItem","position":1,"name":"Home","item":"https:\/\/coralgiuseppeverdi.com.br\/it\/"},{"@type":"ListItem","position":2,"name":"Chi siamo"}]},{"@type":"WebSite","@id":"https:\/\/coralgiuseppeverdi.com.br\/it\/#website","url":"https:\/\/coralgiuseppeverdi.com.br\/it\/","name":"Coral Giuseppe Verd\u00ec","description":"Associa\u00e7\u00e3o Italiana Coral S\u00e3o Jos\u00e9 de Botuver\u00e1","publisher":{"@id":"https:\/\/coralgiuseppeverdi.com.br\/it\/#organization"},"potentialAction":[{"@type":"SearchAction","target":{"@type":"EntryPoint","urlTemplate":"https:\/\/coralgiuseppeverdi.com.br\/it\/?s={search_term_string}"},"query-input":{"@type":"PropertyValueSpecification","valueRequired":true,"valueName":"search_term_string"}}],"inLanguage":"it-IT"},{"@type":"Organization","@id":"https:\/\/coralgiuseppeverdi.com.br\/it\/#organization","name":"Coral Giuseppe Verd\u00ec ASSOCIAZIONE ITALIANA CORALLO S\u00c3O JOS\u00c9 DE BOTUVER\u00c0","url":"https:\/\/coralgiuseppeverdi.com.br\/it\/","logo":{"@type":"ImageObject","inLanguage":"it-IT","@id":"https:\/\/coralgiuseppeverdi.com.br\/it\/#\/schema\/logo\/image\/","url":"https:\/\/coralgiuseppeverdi.com.br\/wp-content\/uploads\/2021\/06\/topo-coral-turismo.png","contentUrl":"https:\/\/coralgiuseppeverdi.com.br\/wp-content\/uploads\/2021\/06\/topo-coral-turismo.png","width":1280,"height":288,"caption":"Coral Giuseppe Verd\u00ec ASSOCIAZIONE ITALIANA CORALLO S\u00c3O JOS\u00c9 DE BOTUVER\u00c0"},"image":{"@id":"https:\/\/coralgiuseppeverdi.com.br\/it\/#\/schema\/logo\/image\/"},"sameAs":["https:\/\/www.facebook.com\/associacaoitalianacoralsaojosedebotuvera\/?locale=sv_SE","https:\/\/www.instagram.com\/coralgiuseppeverdi\/","https:\/\/www.facebook.com\/circolobergamaschibotuvera\/","https:\/\/www.instagram.com\/circolobotuvera\/"]}]}},"_links":{"self":[{"href":"https:\/\/coralgiuseppeverdi.com.br\/it\/wp-json\/wp\/v2\/pages\/718","targetHints":{"allow":["GET"]}}],"collection":[{"href":"https:\/\/coralgiuseppeverdi.com.br\/it\/wp-json\/wp\/v2\/pages"}],"about":[{"href":"https:\/\/coralgiuseppeverdi.com.br\/it\/wp-json\/wp\/v2\/types\/page"}],"author":[{"embeddable":true,"href":"https:\/\/coralgiuseppeverdi.com.br\/it\/wp-json\/wp\/v2\/users\/3"}],"replies":[{"embeddable":true,"href":"https:\/\/coralgiuseppeverdi.com.br\/it\/wp-json\/wp\/v2\/comments?post=718"}],"version-history":[{"count":3,"href":"https:\/\/coralgiuseppeverdi.com.br\/it\/wp-json\/wp\/v2\/pages\/718\/revisions"}],"predecessor-version":[{"id":1467,"href":"https:\/\/coralgiuseppeverdi.com.br\/it\/wp-json\/wp\/v2\/pages\/718\/revisions\/1467"}],"wp:attachment":[{"href":"https:\/\/coralgiuseppeverdi.com.br\/it\/wp-json\/wp\/v2\/media?parent=718"}],"curies":[{"name":"wp","href":"https:\/\/api.w.org\/{rel}","templated":true}]}}