{"id":709,"date":"2023-04-12T15:31:49","date_gmt":"2023-04-12T13:31:49","guid":{"rendered":"https:\/\/coralgiuseppeverdi.dev.sharenow.it\/contatti\/"},"modified":"2023-10-30T15:30:42","modified_gmt":"2023-10-30T14:30:42","slug":"contatti","status":"publish","type":"page","link":"https:\/\/coralgiuseppeverdi.com.br\/it\/contatti\/","title":{"rendered":"Contatti"},"content":{"rendered":"<p>[et_pb_section fb_built=&#8221;1&#8243; disabled_on=&#8221;off|off|off&#8221; admin_label=&#8221;Intro Section&#8221; _builder_version=&#8221;4.23&#8243; _module_preset=&#8221;default&#8221; background_image=&#8221;https:\/\/coralgiuseppeverdi.com.br\/wp-content\/uploads\/2023\/04\/foto-slide-todos.jpeg&#8221; background_position=&#8221;top_center&#8221; background_vertical_offset=&#8221;22%&#8221; height=&#8221;700px&#8221; height_tablet=&#8221;700px&#8221; height_phone=&#8221;700px&#8221; height_last_edited=&#8221;on|phone&#8221; custom_padding=&#8221;60px|0px|61px|0px||&#8221; hover_enabled=&#8221;0&#8243; locked=&#8221;off&#8221; global_colors_info=&#8221;{}&#8221; use_background_color_gradient=&#8221;on&#8221; background_color_gradient_stops=&#8221;rgba(0,0,0,0.35) 0%|rgba(0,0,0,0.24) 100%&#8221; background_color_gradient_overlays_image=&#8221;on&#8221; sticky_enabled=&#8221;0&#8243;][et_pb_row _builder_version=&#8221;4.20.2&#8243; _module_preset=&#8221;default&#8221; locked=&#8221;off&#8221; global_colors_info=&#8221;{}&#8221;][et_pb_column type=&#8221;4_4&#8243; _builder_version=&#8221;4.20.2&#8243; _module_preset=&#8221;default&#8221; global_colors_info=&#8221;{}&#8221;][et_pb_text _builder_version=&#8221;4.22.2&#8243; _module_preset=&#8221;default&#8221; header_font=&#8221;||||||||&#8221; header_text_color=&#8221;#FFFFFF&#8221; header_font_size=&#8221;58px&#8221; custom_margin=&#8221;150px||||false|false&#8221; global_colors_info=&#8221;{}&#8221;]<\/p>\n<h1 class=\"page-title\" style=\"text-align: center;\">CONTATTI<\/h1>\n<p>[\/et_pb_text][\/et_pb_column][\/et_pb_row][\/et_pb_section][et_pb_section fb_built=&#8221;1&#8243; admin_label=&#8221;Contact Section&#8221; _builder_version=&#8221;4.20.0&#8243; _module_preset=&#8221;default&#8221; background_color=&#8221;#FFFFFF&#8221; use_background_color_gradient=&#8221;on&#8221; background_color_gradient_stops=&#8221;#ffffff 20%|rgba(255,255,255,0) 80%&#8221; background_color_gradient_overlays_image=&#8221;on&#8221; background_color_gradient_start=&#8221;#ffffff&#8221; background_color_gradient_start_position=&#8221;20%&#8221; background_color_gradient_end=&#8221;rgba(255,255,255,0)&#8221; background_color_gradient_end_position=&#8221;80%&#8221; background_enable_image=&#8221;off&#8221; background_position=&#8221;bottom_center&#8221; custom_padding=&#8221;||||false|false&#8221; saved_tabs=&#8221;all&#8221; locked=&#8221;off&#8221; global_colors_info=&#8221;{}&#8221;][et_pb_row disabled_on=&#8221;off|off|off&#8221; _builder_version=&#8221;4.20.2&#8243; _module_preset=&#8221;default&#8221; width=&#8221;90%&#8221; max_width=&#8221;2560px&#8221; custom_margin=&#8221;||||false|false&#8221; locked=&#8221;off&#8221; global_colors_info=&#8221;{}&#8221;][et_pb_column type=&#8221;4_4&#8243; _builder_version=&#8221;4.17.4&#8243; _module_preset=&#8221;default&#8221; global_colors_info=&#8221;{}&#8221;][et_pb_cta title=&#8221;ASSOCIAZIONE ITALIANA CORALLO S\u00c3O JOS\u00c9 DE BOTUVER\u00c0&#8221; button_url=&#8221;#scrivici&#8221; button_text=&#8221;Scrivici&#8221; admin_label=&#8221;Tittle, Paragraph &#038; Call To Action&#8221; _builder_version=&#8221;4.22.2&#8243; _module_preset=&#8221;default&#8221; header_level=&#8221;h1&#8243; header_font=&#8221;|600||on|||||&#8221; header_text_color=&#8221;#00604f&#8221; header_font_size=&#8221;39px&#8221; header_letter_spacing=&#8221;3px&#8221; header_line_height=&#8221;1.4em&#8221; body_font=&#8221;||||||||&#8221; body_font_size=&#8221;17px&#8221; body_line_height=&#8221;1.4em&#8221; use_background_color=&#8221;off&#8221; background_layout=&#8221;light&#8221; custom_margin=&#8221;||||false|false&#8221; custom_margin_tablet=&#8221;0px|||&#8221; custom_margin_phone=&#8221;&#8221; custom_margin_last_edited=&#8221;on|tablet&#8221; header_font_size_tablet=&#8221;39px&#8221; header_font_size_phone=&#8221;30px&#8221; header_font_size_last_edited=&#8221;on|phone&#8221; button_text_color_hover=&#8221;#ffffff&#8221; button_border_color_hover=&#8221;rgba(0,0,0,0)&#8221; button_border_radius_hover=&#8221;28px&#8221; button_letter_spacing_hover=&#8221;2px&#8221; button_bg_color_hover=&#8221;rgba(0,0,0,0.7)&#8221; global_colors_info=&#8221;{}&#8221; button_text_size__hover_enabled=&#8221;off&#8221; button_one_text_size__hover_enabled=&#8221;off&#8221; button_two_text_size__hover_enabled=&#8221;off&#8221; button_text_color__hover_enabled=&#8221;on|desktop&#8221; button_text_color__hover=&#8221;#ffffff&#8221; button_one_text_color__hover_enabled=&#8221;off&#8221; button_two_text_color__hover_enabled=&#8221;off&#8221; button_border_width__hover_enabled=&#8221;off&#8221; button_one_border_width__hover_enabled=&#8221;off&#8221; button_two_border_width__hover_enabled=&#8221;off&#8221; button_border_color__hover_enabled=&#8221;on&#8221; button_border_color__hover=&#8221;rgba(0,0,0,0)&#8221; button_one_border_color__hover_enabled=&#8221;off&#8221; button_two_border_color__hover_enabled=&#8221;off&#8221; button_border_radius__hover_enabled=&#8221;on&#8221; button_border_radius__hover=&#8221;28px&#8221; button_one_border_radius__hover_enabled=&#8221;off&#8221; button_two_border_radius__hover_enabled=&#8221;off&#8221; button_letter_spacing__hover_enabled=&#8221;on&#8221; button_letter_spacing__hover=&#8221;2px&#8221; button_one_letter_spacing__hover_enabled=&#8221;off&#8221; button_two_letter_spacing__hover_enabled=&#8221;off&#8221; button_bg_color__hover_enabled=&#8221;on|desktop&#8221; button_bg_color__hover=&#8221;#8aa966&#8243; button_one_bg_color__hover_enabled=&#8221;off&#8221; button_two_bg_color__hover_enabled=&#8221;off&#8221; button_bg_enable_color__hover=&#8221;on&#8221; button_text__hover_enabled=&#8221;off|desktop&#8221;][\/et_pb_cta][\/et_pb_column][\/et_pb_row][et_pb_row column_structure=&#8221;1_4,1_4,1_4,1_4&#8243; admin_label=&#8221;Contattaco Row&#8221; _builder_version=&#8221;4.22.2&#8243; _module_preset=&#8221;default&#8221; width=&#8221;90%&#8221; max_width=&#8221;2560px&#8221; custom_padding=&#8221;||0px||false|false&#8221; global_colors_info=&#8221;{}&#8221;][et_pb_column type=&#8221;1_4&#8243; _builder_version=&#8221;4.20.0&#8243; _module_preset=&#8221;default&#8221; custom_padding=&#8221;||||false|false&#8221; global_colors_info=&#8221;{}&#8221; custom_padding__hover=&#8221;|||&#8221;][et_pb_blurb use_icon=&#8221;on&#8221; font_icon=&#8221;&#xf3c5;||fa||900&#8243; image_icon_background_color=&#8221;RGBA(255,255,255,0)&#8221; admin_label=&#8221;Location&#8221; _builder_version=&#8221;4.22.2&#8243; header_level=&#8221;h6&#8243; header_font=&#8221;|600||on|||||&#8221; header_text_color=&#8221;#8aa966&#8243; header_font_size=&#8221;16px&#8221; header_letter_spacing=&#8221;2px&#8221; header_line_height=&#8221;1.7em&#8221; body_font=&#8221;||||||||&#8221; body_text_color=&#8221;#000000&#8243; body_font_size=&#8221;18px&#8221; text_orientation=&#8221;center&#8221; animation_style=&#8221;zoom&#8221; animation_intensity_zoom=&#8221;10%&#8221; animation=&#8221;off&#8221; border_color_all_image=&#8221;RGBA(255,255,255,0)&#8221; image_max_width=&#8221;40px&#8221; locked=&#8221;off&#8221; global_colors_info=&#8221;{}&#8221;]<\/p>\n<p style=\"text-align: center;\"><span><strong>Indirizzo<br \/><\/strong><br \/><span class=\"has-inline-color has-black-color\">Rua Jo\u00e3o Morelli, 142<br \/>Botuver\u00e1, Santa Catarina<br \/>88295-000<\/span><br \/><\/span><\/p>\n<p>[\/et_pb_blurb][\/et_pb_column][et_pb_column type=&#8221;1_4&#8243; _builder_version=&#8221;4.20.0&#8243; _module_preset=&#8221;default&#8221; custom_padding=&#8221;||||false|false&#8221; global_colors_info=&#8221;{}&#8221; custom_padding__hover=&#8221;|||&#8221;][et_pb_blurb use_icon=&#8221;on&#8221; font_icon=&#8221;&#xe090;||divi||400&#8243; image_icon_background_color=&#8221;RGBA(255,255,255,0)&#8221; admin_label=&#8221;Location&#8221; _builder_version=&#8221;4.22.2&#8243; header_level=&#8221;h6&#8243; header_font=&#8221;|600||on|||||&#8221; header_text_color=&#8221;#8aa966&#8243; header_font_size=&#8221;18px&#8221; header_letter_spacing=&#8221;2px&#8221; header_line_height=&#8221;1.7em&#8221; body_font=&#8221;|600|||||||&#8221; body_text_color=&#8221;#000000&#8243; body_font_size=&#8221;18px&#8221; text_orientation=&#8221;center&#8221; animation_style=&#8221;zoom&#8221; animation_intensity_zoom=&#8221;10%&#8221; animation=&#8221;off&#8221; border_color_all_image=&#8221;RGBA(255,255,255,0)&#8221; image_max_width=&#8221;40px&#8221; locked=&#8221;off&#8221; global_colors_info=&#8221;{}&#8221;]<\/p>\n<p style=\"text-align: center;\"><strong>Telefono<br \/><\/strong><br \/><strong><a href=\"tel:(47)%2099741-3343\"><\/a><a href=\"tel:(47)%2099741-3343\">(47) 99741-3343<\/a><\/strong><\/p>\n<p>[\/et_pb_blurb][\/et_pb_column][et_pb_column type=&#8221;1_4&#8243; _builder_version=&#8221;4.20.0&#8243; _module_preset=&#8221;default&#8221; custom_padding=&#8221;||||false|false&#8221; global_colors_info=&#8221;{}&#8221; custom_padding__hover=&#8221;|||&#8221;][et_pb_blurb use_icon=&#8221;on&#8221; font_icon=&#8221;&#xe076;||divi||400&#8243; image_icon_background_color=&#8221;RGBA(255,255,255,0)&#8221; admin_label=&#8221;Location&#8221; _builder_version=&#8221;4.22.2&#8243; header_level=&#8221;h6&#8243; header_font=&#8221;Montserrat|600||on|||||&#8221; header_text_color=&#8221;#8aa966&#8243; header_font_size=&#8221;16px&#8221; header_letter_spacing=&#8221;2px&#8221; header_line_height=&#8221;1.7em&#8221; body_font=&#8221;||||||||&#8221; body_text_color=&#8221;#000000&#8243; body_font_size=&#8221;18px&#8221; text_orientation=&#8221;center&#8221; animation_style=&#8221;zoom&#8221; animation_intensity_zoom=&#8221;10%&#8221; animation=&#8221;off&#8221; border_color_all_image=&#8221;RGBA(255,255,255,0)&#8221; image_max_width=&#8221;40px&#8221; locked=&#8221;off&#8221; global_colors_info=&#8221;{}&#8221;]<\/p>\n<p style=\"text-align: center;\"><strong>Email<br \/><\/strong><br \/><strong><a href=\"mailto:coralgiuseppeverdi@coralgiuseppeverdi.com.br%20\">coralgiuseppeverdi@coralgiuseppeverdi.com.br<\/a><\/strong><\/p>\n<p><strong><a href=\"mailto:%20coralgiuseppeverdi@coralgiuseppeverdi.com.br%20\"> <\/a><\/strong><\/p>\n<p><strong><a href=\"mailto:%20coralgiuseppeverdi@coralgiuseppeverdi.com.br%20\"><\/a><\/strong><\/p>\n<p>[\/et_pb_blurb][\/et_pb_column][et_pb_column type=&#8221;1_4&#8243; _builder_version=&#8221;4.20.0&#8243; _module_preset=&#8221;default&#8221; custom_padding=&#8221;||||false|false&#8221; global_colors_info=&#8221;{}&#8221; custom_padding__hover=&#8221;|||&#8221;][et_pb_blurb use_icon=&#8221;on&#8221; font_icon=&#8221;&#xe0ce;||divi||400&#8243; image_icon_background_color=&#8221;RGBA(255,255,255,0)&#8221; admin_label=&#8221;Location&#8221; _builder_version=&#8221;4.22.2&#8243; header_level=&#8221;h6&#8243; header_font=&#8221;Montserrat|600||on|||||&#8221; header_text_color=&#8221;#8aa966&#8243; header_font_size=&#8221;16px&#8221; header_letter_spacing=&#8221;2px&#8221; header_line_height=&#8221;1.7em&#8221; body_font=&#8221;||||||||&#8221; body_text_color=&#8221;#000000&#8243; body_font_size=&#8221;18px&#8221; text_orientation=&#8221;center&#8221; animation_style=&#8221;zoom&#8221; animation_intensity_zoom=&#8221;10%&#8221; animation=&#8221;off&#8221; border_color_all_image=&#8221;RGBA(255,255,255,0)&#8221; image_max_width=&#8221;40px&#8221; locked=&#8221;off&#8221; global_colors_info=&#8221;{}&#8221;]<\/p>\n<p style=\"text-align: center;\"><strong>I nostri social media<br \/><\/strong><br \/><strong><\/strong><\/p>\n<p><strong>Facebook: <a href=\"https:\/\/www.facebook.com\/associacaoitalianacoralsaojosedebotuvera\">https:\/\/www.facebook.com\/associacaoitalianacoralsaojosedebotuvera<\/a><\/strong><\/p>\n<p><strong>Facebook: <a href=\"https:\/\/www.facebook.com\/circolobergamaschibotuvera\">https:\/\/www.facebook.com\/circolobergamaschibotuvera<\/a><\/strong><\/p>\n<p><strong>Instagram: <a href=\"https:\/\/www.instagram.com\/coralgiuseppeverdi\/\">https:\/\/www.instagram.com\/coralgiuseppeverdi\/<\/a><\/strong><\/p>\n<p><strong>Instagram: <a href=\"https:\/\/www.instagram.com\/circolobotuvera\/\">https:\/\/www.instagram.com\/circolobotuvera\/<\/a><\/strong><\/p>\n<p><strong><a href=\"mailto:%20coralgiuseppeverdi@coralgiuseppeverdi.com.br%20\"> <\/a><\/strong><\/p>\n<p><strong><a href=\"mailto:%20coralgiuseppeverdi@coralgiuseppeverdi.com.br%20\"><\/a><\/strong><\/p>\n<p>[\/et_pb_blurb][\/et_pb_column][\/et_pb_row][\/et_pb_section][et_pb_section fb_built=&#8221;1&#8243; admin_label=&#8221;section&#8221; _builder_version=&#8221;4.20.0&#8243; custom_padding=&#8221;0px||0px||true|false&#8221; global_colors_info=&#8221;{}&#8221;][et_pb_row admin_label=&#8221;Contattaci&#8221; _builder_version=&#8221;4.20.0&#8243; background_size=&#8221;initial&#8221; background_position=&#8221;top_left&#8221; background_repeat=&#8221;repeat&#8221; width=&#8221;100%&#8221; max_width=&#8221;2560px&#8221; custom_padding=&#8221;0px||0px||true|false&#8221; global_colors_info=&#8221;{}&#8221;][et_pb_column type=&#8221;4_4&#8243; _builder_version=&#8221;4.16&#8243; custom_padding=&#8221;|||&#8221; global_colors_info=&#8221;{}&#8221; custom_padding__hover=&#8221;|||&#8221;][et_pb_text admin_label=&#8221;Text&#8221; _builder_version=&#8221;4.22.2&#8243; background_size=&#8221;initial&#8221; background_position=&#8221;top_left&#8221; background_repeat=&#8221;repeat&#8221; global_colors_info=&#8221;{}&#8221;]<iframe src=\"https:\/\/www.google.com\/maps\/embed?pb=!1m18!1m12!1m3!1d8300.044402239164!2d-49.08148075359784!3d-27.197546678785802!2m3!1f0!2f0!3f0!3m2!1i1024!2i768!4f13.1!3m3!1m2!1s0x94df6a37a8b2c86f%3A0xb359b2277126a446!2sR.%20Jo%C3%A3o%20Moreli%2C%20142%2C%20Botuver%C3%A1%20-%20SC%2C%2088370-000%2C%20Brasile!5e0!3m2!1sit!2sit!4v1695831744992!5m2!1sit!2sit\" width=\"1920\" height=\"450\" style=\"border:0;\" allowfullscreen=\"\" loading=\"lazy\" referrerpolicy=\"no-referrer-when-downgrade\"><\/iframe>[\/et_pb_text][\/et_pb_column][\/et_pb_row][\/et_pb_section]<\/p>\n","protected":false},"excerpt":{"rendered":"<p>CONTATTIIndirizzoRua Jo\u00e3o Morelli, 142Botuver\u00e1, Santa Catarina88295-000Telefono(47) 99741-3343Emailcoralgiuseppeverdi@coralgiuseppeverdi.com.br I nostri social media Facebook: https:\/\/www.facebook.com\/associacaoitalianacoralsaojosedebotuvera Facebook: https:\/\/www.facebook.com\/circolobergamaschibotuvera Instagram: https:\/\/www.instagram.com\/coralgiuseppeverdi\/ Instagram: https:\/\/www.instagram.com\/circolobotuvera\/<\/p>\n","protected":false},"author":3,"featured_media":0,"parent":0,"menu_order":0,"comment_status":"closed","ping_status":"closed","template":"","meta":{"_et_pb_use_builder":"on","_et_pb_old_content":"","_et_gb_content_width":"","footnotes":""},"class_list":["post-709","page","type-page","status-publish","hentry"],"yoast_head":"<!-- This site is optimized with the Yoast SEO plugin v27.5 - https:\/\/yoast.com\/product\/yoast-seo-wordpress\/ -->\n<title>Contatti - Coral Giuseppe Verd\u00ec<\/title>\n<meta name=\"robots\" content=\"index, follow, max-snippet:-1, max-image-preview:large, max-video-preview:-1\" \/>\n<link rel=\"canonical\" href=\"https:\/\/coralgiuseppeverdi.com.br\/it\/contatti\/\" \/>\n<meta property=\"og:locale\" content=\"it_IT\" \/>\n<meta property=\"og:type\" content=\"article\" \/>\n<meta property=\"og:title\" content=\"Contatti - Coral Giuseppe Verd\u00ec\" \/>\n<meta property=\"og:description\" content=\"CONTATTIIndirizzoRua Jo\u00e3o Morelli, 142Botuver\u00e1, Santa Catarina88295-000Telefono(47) 99741-3343Emailcoralgiuseppeverdi@coralgiuseppeverdi.com.br I nostri social media Facebook: https:\/\/www.facebook.com\/associacaoitalianacoralsaojosedebotuvera Facebook: https:\/\/www.facebook.com\/circolobergamaschibotuvera Instagram: https:\/\/www.instagram.com\/coralgiuseppeverdi\/ Instagram: https:\/\/www.instagram.com\/circolobotuvera\/\" \/>\n<meta property=\"og:url\" content=\"https:\/\/coralgiuseppeverdi.com.br\/it\/contatti\/\" \/>\n<meta property=\"og:site_name\" content=\"Coral Giuseppe Verd\u00ec\" \/>\n<meta property=\"article:publisher\" content=\"https:\/\/www.facebook.com\/associacaoitalianacoralsaojosedebotuvera\/?locale=sv_SE\" \/>\n<meta property=\"article:modified_time\" content=\"2023-10-30T14:30:42+00:00\" \/>\n<meta name=\"twitter:card\" content=\"summary_large_image\" \/>\n<meta name=\"twitter:label1\" content=\"Tempo di lettura stimato\" \/>\n\t<meta name=\"twitter:data1\" content=\"6 minuti\" \/>\n<script type=\"application\/ld+json\" class=\"yoast-schema-graph\">{\"@context\":\"https:\\\/\\\/schema.org\",\"@graph\":[{\"@type\":\"WebPage\",\"@id\":\"https:\\\/\\\/coralgiuseppeverdi.com.br\\\/it\\\/contatti\\\/\",\"url\":\"https:\\\/\\\/coralgiuseppeverdi.com.br\\\/it\\\/contatti\\\/\",\"name\":\"Contatti - Coral Giuseppe Verd\u00ec\",\"isPartOf\":{\"@id\":\"https:\\\/\\\/coralgiuseppeverdi.com.br\\\/it\\\/#website\"},\"datePublished\":\"2023-04-12T13:31:49+00:00\",\"dateModified\":\"2023-10-30T14:30:42+00:00\",\"breadcrumb\":{\"@id\":\"https:\\\/\\\/coralgiuseppeverdi.com.br\\\/it\\\/contatti\\\/#breadcrumb\"},\"inLanguage\":\"it-IT\",\"potentialAction\":[{\"@type\":\"ReadAction\",\"target\":[\"https:\\\/\\\/coralgiuseppeverdi.com.br\\\/it\\\/contatti\\\/\"]}]},{\"@type\":\"BreadcrumbList\",\"@id\":\"https:\\\/\\\/coralgiuseppeverdi.com.br\\\/it\\\/contatti\\\/#breadcrumb\",\"itemListElement\":[{\"@type\":\"ListItem\",\"position\":1,\"name\":\"Home\",\"item\":\"https:\\\/\\\/coralgiuseppeverdi.com.br\\\/it\\\/\"},{\"@type\":\"ListItem\",\"position\":2,\"name\":\"Contatti\"}]},{\"@type\":\"WebSite\",\"@id\":\"https:\\\/\\\/coralgiuseppeverdi.com.br\\\/it\\\/#website\",\"url\":\"https:\\\/\\\/coralgiuseppeverdi.com.br\\\/it\\\/\",\"name\":\"Coral Giuseppe Verd\u00ec\",\"description\":\"Associa\u00e7\u00e3o Italiana Coral S\u00e3o Jos\u00e9 de Botuver\u00e1\",\"publisher\":{\"@id\":\"https:\\\/\\\/coralgiuseppeverdi.com.br\\\/it\\\/#organization\"},\"potentialAction\":[{\"@type\":\"SearchAction\",\"target\":{\"@type\":\"EntryPoint\",\"urlTemplate\":\"https:\\\/\\\/coralgiuseppeverdi.com.br\\\/it\\\/?s={search_term_string}\"},\"query-input\":{\"@type\":\"PropertyValueSpecification\",\"valueRequired\":true,\"valueName\":\"search_term_string\"}}],\"inLanguage\":\"it-IT\"},{\"@type\":\"Organization\",\"@id\":\"https:\\\/\\\/coralgiuseppeverdi.com.br\\\/it\\\/#organization\",\"name\":\"Coral Giuseppe Verd\u00ec ASSOCIAZIONE ITALIANA CORALLO S\u00c3O JOS\u00c9 DE BOTUVER\u00c0\",\"url\":\"https:\\\/\\\/coralgiuseppeverdi.com.br\\\/it\\\/\",\"logo\":{\"@type\":\"ImageObject\",\"inLanguage\":\"it-IT\",\"@id\":\"https:\\\/\\\/coralgiuseppeverdi.com.br\\\/it\\\/#\\\/schema\\\/logo\\\/image\\\/\",\"url\":\"https:\\\/\\\/coralgiuseppeverdi.com.br\\\/wp-content\\\/uploads\\\/2021\\\/06\\\/topo-coral-turismo.png\",\"contentUrl\":\"https:\\\/\\\/coralgiuseppeverdi.com.br\\\/wp-content\\\/uploads\\\/2021\\\/06\\\/topo-coral-turismo.png\",\"width\":1280,\"height\":288,\"caption\":\"Coral Giuseppe Verd\u00ec ASSOCIAZIONE ITALIANA CORALLO S\u00c3O JOS\u00c9 DE BOTUVER\u00c0\"},\"image\":{\"@id\":\"https:\\\/\\\/coralgiuseppeverdi.com.br\\\/it\\\/#\\\/schema\\\/logo\\\/image\\\/\"},\"sameAs\":[\"https:\\\/\\\/www.facebook.com\\\/associacaoitalianacoralsaojosedebotuvera\\\/?locale=sv_SE\",\"https:\\\/\\\/www.instagram.com\\\/coralgiuseppeverdi\\\/\",\"https:\\\/\\\/www.facebook.com\\\/circolobergamaschibotuvera\\\/\",\"https:\\\/\\\/www.instagram.com\\\/circolobotuvera\\\/\"]}]}<\/script>\n<!-- \/ Yoast SEO plugin. -->","yoast_head_json":{"title":"Contatti - Coral Giuseppe Verd\u00ec","robots":{"index":"index","follow":"follow","max-snippet":"max-snippet:-1","max-image-preview":"max-image-preview:large","max-video-preview":"max-video-preview:-1"},"canonical":"https:\/\/coralgiuseppeverdi.com.br\/it\/contatti\/","og_locale":"it_IT","og_type":"article","og_title":"Contatti - Coral Giuseppe Verd\u00ec","og_description":"CONTATTIIndirizzoRua Jo\u00e3o Morelli, 142Botuver\u00e1, Santa Catarina88295-000Telefono(47) 99741-3343Emailcoralgiuseppeverdi@coralgiuseppeverdi.com.br I nostri social media Facebook: https:\/\/www.facebook.com\/associacaoitalianacoralsaojosedebotuvera Facebook: https:\/\/www.facebook.com\/circolobergamaschibotuvera Instagram: https:\/\/www.instagram.com\/coralgiuseppeverdi\/ Instagram: https:\/\/www.instagram.com\/circolobotuvera\/","og_url":"https:\/\/coralgiuseppeverdi.com.br\/it\/contatti\/","og_site_name":"Coral Giuseppe Verd\u00ec","article_publisher":"https:\/\/www.facebook.com\/associacaoitalianacoralsaojosedebotuvera\/?locale=sv_SE","article_modified_time":"2023-10-30T14:30:42+00:00","twitter_card":"summary_large_image","twitter_misc":{"Tempo di lettura stimato":"6 minuti"},"schema":{"@context":"https:\/\/schema.org","@graph":[{"@type":"WebPage","@id":"https:\/\/coralgiuseppeverdi.com.br\/it\/contatti\/","url":"https:\/\/coralgiuseppeverdi.com.br\/it\/contatti\/","name":"Contatti - Coral Giuseppe Verd\u00ec","isPartOf":{"@id":"https:\/\/coralgiuseppeverdi.com.br\/it\/#website"},"datePublished":"2023-04-12T13:31:49+00:00","dateModified":"2023-10-30T14:30:42+00:00","breadcrumb":{"@id":"https:\/\/coralgiuseppeverdi.com.br\/it\/contatti\/#breadcrumb"},"inLanguage":"it-IT","potentialAction":[{"@type":"ReadAction","target":["https:\/\/coralgiuseppeverdi.com.br\/it\/contatti\/"]}]},{"@type":"BreadcrumbList","@id":"https:\/\/coralgiuseppeverdi.com.br\/it\/contatti\/#breadcrumb","itemListElement":[{"@type":"ListItem","position":1,"name":"Home","item":"https:\/\/coralgiuseppeverdi.com.br\/it\/"},{"@type":"ListItem","position":2,"name":"Contatti"}]},{"@type":"WebSite","@id":"https:\/\/coralgiuseppeverdi.com.br\/it\/#website","url":"https:\/\/coralgiuseppeverdi.com.br\/it\/","name":"Coral Giuseppe Verd\u00ec","description":"Associa\u00e7\u00e3o Italiana Coral S\u00e3o Jos\u00e9 de Botuver\u00e1","publisher":{"@id":"https:\/\/coralgiuseppeverdi.com.br\/it\/#organization"},"potentialAction":[{"@type":"SearchAction","target":{"@type":"EntryPoint","urlTemplate":"https:\/\/coralgiuseppeverdi.com.br\/it\/?s={search_term_string}"},"query-input":{"@type":"PropertyValueSpecification","valueRequired":true,"valueName":"search_term_string"}}],"inLanguage":"it-IT"},{"@type":"Organization","@id":"https:\/\/coralgiuseppeverdi.com.br\/it\/#organization","name":"Coral Giuseppe Verd\u00ec ASSOCIAZIONE ITALIANA CORALLO S\u00c3O JOS\u00c9 DE BOTUVER\u00c0","url":"https:\/\/coralgiuseppeverdi.com.br\/it\/","logo":{"@type":"ImageObject","inLanguage":"it-IT","@id":"https:\/\/coralgiuseppeverdi.com.br\/it\/#\/schema\/logo\/image\/","url":"https:\/\/coralgiuseppeverdi.com.br\/wp-content\/uploads\/2021\/06\/topo-coral-turismo.png","contentUrl":"https:\/\/coralgiuseppeverdi.com.br\/wp-content\/uploads\/2021\/06\/topo-coral-turismo.png","width":1280,"height":288,"caption":"Coral Giuseppe Verd\u00ec ASSOCIAZIONE ITALIANA CORALLO S\u00c3O JOS\u00c9 DE BOTUVER\u00c0"},"image":{"@id":"https:\/\/coralgiuseppeverdi.com.br\/it\/#\/schema\/logo\/image\/"},"sameAs":["https:\/\/www.facebook.com\/associacaoitalianacoralsaojosedebotuvera\/?locale=sv_SE","https:\/\/www.instagram.com\/coralgiuseppeverdi\/","https:\/\/www.facebook.com\/circolobergamaschibotuvera\/","https:\/\/www.instagram.com\/circolobotuvera\/"]}]}},"_links":{"self":[{"href":"https:\/\/coralgiuseppeverdi.com.br\/it\/wp-json\/wp\/v2\/pages\/709","targetHints":{"allow":["GET"]}}],"collection":[{"href":"https:\/\/coralgiuseppeverdi.com.br\/it\/wp-json\/wp\/v2\/pages"}],"about":[{"href":"https:\/\/coralgiuseppeverdi.com.br\/it\/wp-json\/wp\/v2\/types\/page"}],"author":[{"embeddable":true,"href":"https:\/\/coralgiuseppeverdi.com.br\/it\/wp-json\/wp\/v2\/users\/3"}],"replies":[{"embeddable":true,"href":"https:\/\/coralgiuseppeverdi.com.br\/it\/wp-json\/wp\/v2\/comments?post=709"}],"version-history":[{"count":2,"href":"https:\/\/coralgiuseppeverdi.com.br\/it\/wp-json\/wp\/v2\/pages\/709\/revisions"}],"predecessor-version":[{"id":711,"href":"https:\/\/coralgiuseppeverdi.com.br\/it\/wp-json\/wp\/v2\/pages\/709\/revisions\/711"}],"wp:attachment":[{"href":"https:\/\/coralgiuseppeverdi.com.br\/it\/wp-json\/wp\/v2\/media?parent=709"}],"curies":[{"name":"wp","href":"https:\/\/api.w.org\/{rel}","templated":true}]}}